{"id":886,"date":"2017-02-13T16:17:05","date_gmt":"2017-02-13T15:17:05","guid":{"rendered":"http:\/\/localhost\/new_wp\/?page_id=269"},"modified":"2026-01-20T06:30:10","modified_gmt":"2026-01-20T05:30:10","slug":"about","status":"publish","type":"page","link":"http:\/\/www.audebourgine.fr\/fr\/about\/","title":{"rendered":"\u00e0 propos"},"content":{"rendered":"\n<figure class=\"wp-block-image size-large is-resized\"><img loading=\"lazy\" decoding=\"async\" src=\"https:\/\/www.audebourgine.fr\/wp-content\/uploads\/2024\/01\/IMG_7329-1-683x1024.jpeg\" alt=\"\" class=\"wp-image-3008\" width=\"275\" height=\"414\" srcset=\"http:\/\/www.audebourgine.fr\/wp-content\/uploads\/2024\/01\/IMG_7329-1-200x300.jpeg 200w, http:\/\/www.audebourgine.fr\/wp-content\/uploads\/2024\/01\/IMG_7329-1-768x1152.jpeg 768w, http:\/\/www.audebourgine.fr\/wp-content\/uploads\/2024\/01\/IMG_7329-1-1024x1536.jpeg 1024w\" sizes=\"auto, (max-width: 275px) 100vw, 275px\" \/><\/figure>\n\n\n\n<div class=\"wp-block-columns is-layout-flex wp-container-core-columns-is-layout-9d6595d7 wp-block-columns-is-layout-flex\">\n<div class=\"wp-block-column is-layout-flow wp-block-column-is-layout-flow\">\n<p class=\"has-text-align-left has-small-font-size\">Born in 1991, I live and work in Rouen (Normandy, France).<\/p>\n\n\n\n<p class=\"has-small-font-size\">My poetic artistic investment is deployed in favor of taking into account the vast network of life within which we co-evolve.<\/p>\n\n\n\n<p class=\"has-text-align-left has-small-font-size\">Having at heart to carry a word turned towards the future, my approach is centered around the challenge of living in awareness of our existences in synergy; in order to grasp the tacit responsibilities that connection implies for each of us. nous.<\/p>\n<\/div>\n\n\n\n<div class=\"wp-block-column is-layout-flow wp-block-column-is-layout-flow\">\n<p class=\"has-text-align-left has-small-font-size\">While transmitting wonder for the world, I intend to bear witness to the transformations linked to the pressure of human activities. I assemble mainly textile recycled materials; through the variety of its materials, textures and shades, this medium allows to represent the infinite richness of the living.<\/p>\n\n\n\n<p class=\"has-text-align-left has-small-font-size\">Thus through manifest pieces, collaborations, public and private commissions I sow imagination; giving life to a body of multidisciplinary works, this in order to resonate with the singular sensitivity of each of us.<\/p>\n<\/div>\n<\/div>\n\n\n\n<div class=\"wp-block-columns is-layout-flex wp-container-core-columns-is-layout-9d6595d7 wp-block-columns-is-layout-flex\">\n<div class=\"wp-block-column is-layout-flow wp-block-column-is-layout-flow\">\n<figure class=\"wp-block-image size-large\"><img loading=\"lazy\" decoding=\"async\" width=\"725\" height=\"1024\" src=\"https:\/\/www.audebourgine.fr\/wp-content\/uploads\/2026\/01\/AUDE_BOURGINE_CV_octobre-2025_page-0001-725x1024.jpg\" alt=\"\" class=\"wp-image-3155\" srcset=\"http:\/\/www.audebourgine.fr\/wp-content\/uploads\/2026\/01\/AUDE_BOURGINE_CV_octobre-2025_page-0001-725x1024.jpg 725w, http:\/\/www.audebourgine.fr\/wp-content\/uploads\/2026\/01\/AUDE_BOURGINE_CV_octobre-2025_page-0001-212x300.jpg 212w, http:\/\/www.audebourgine.fr\/wp-content\/uploads\/2026\/01\/AUDE_BOURGINE_CV_octobre-2025_page-0001-768x1085.jpg 768w, http:\/\/www.audebourgine.fr\/wp-content\/uploads\/2026\/01\/AUDE_BOURGINE_CV_octobre-2025_page-0001-1087x1536.jpg 1087w, http:\/\/www.audebourgine.fr\/wp-content\/uploads\/2026\/01\/AUDE_BOURGINE_CV_octobre-2025_page-0001.jpg 1241w\" sizes=\"auto, (max-width: 725px) 100vw, 725px\" \/><\/figure>\n<\/div>\n\n\n\n<div class=\"wp-block-column is-layout-flow wp-block-column-is-layout-flow\">\n<figure class=\"wp-block-image size-large\"><img loading=\"lazy\" decoding=\"async\" width=\"725\" height=\"1024\" src=\"https:\/\/www.audebourgine.fr\/wp-content\/uploads\/2026\/01\/AUDE_BOURGINE_CV_octobre-2025-2_page-0001-725x1024.jpg\" alt=\"\" class=\"wp-image-3156\" srcset=\"http:\/\/www.audebourgine.fr\/wp-content\/uploads\/2026\/01\/AUDE_BOURGINE_CV_octobre-2025-2_page-0001-725x1024.jpg 725w, http:\/\/www.audebourgine.fr\/wp-content\/uploads\/2026\/01\/AUDE_BOURGINE_CV_octobre-2025-2_page-0001-212x300.jpg 212w, http:\/\/www.audebourgine.fr\/wp-content\/uploads\/2026\/01\/AUDE_BOURGINE_CV_octobre-2025-2_page-0001-768x1085.jpg 768w, http:\/\/www.audebourgine.fr\/wp-content\/uploads\/2026\/01\/AUDE_BOURGINE_CV_octobre-2025-2_page-0001-1087x1536.jpg 1087w, http:\/\/www.audebourgine.fr\/wp-content\/uploads\/2026\/01\/AUDE_BOURGINE_CV_octobre-2025-2_page-0001.jpg 1241w\" sizes=\"auto, (max-width: 725px) 100vw, 725px\" \/><\/figure>\n<\/div>\n<\/div>\n\n\n\n<p class=\"has-text-align-left has-small-font-size\">photo credit : Caroline Bazin 2023<\/p>\n","protected":false},"excerpt":{"rendered":"<p>N\u00e9e en 1991 je vis et travaille \u00e0 Rouen (Normandie, France).Mon investissement artistique po\u00e9tique se d\u00e9ploie en faveur d\u2019une prise en compte du vaste r\u00e9seau de vie au sein duquel nous co-\u00e9voluons. Ayant \u00e0 coeur de porter une parole tourn\u00e9e vers l\u2019avenir, ma d\u00e9marche est ax\u00e9e autour de l\u2019enjeu de vivre en conscience de nos [&hellip;]<\/p>\n","protected":false},"author":1,"featured_media":980,"parent":0,"menu_order":0,"comment_status":"closed","ping_status":"closed","template":"template-about.php","meta":{"footnotes":""},"class_list":["post-886","page","type-page","status-publish","has-post-thumbnail","hentry"],"yoast_head":"<!-- This site is optimized with the Yoast SEO plugin v17.2.1 - https:\/\/yoast.com\/wordpress\/plugins\/seo\/ -->\n<title>About - Aude Bourgine<\/title>\n<meta name=\"description\" content=\"A body of poetic works essentially composed of sculptures in which recycled materials and gleaned organic matter intermingle. Textiles, due to the variety of their materials, textures and shades, have always been the medium of choice for translating the infinite richness of life.\" \/>\n<meta name=\"robots\" content=\"index, follow, max-snippet:-1, max-image-preview:large, max-video-preview:-1\" \/>\n<link rel=\"canonical\" href=\"http:\/\/www.audebourgine.fr\/fr\/about\/\" \/>\n<meta property=\"og:locale\" content=\"fr_FR\" \/>\n<meta property=\"og:type\" content=\"article\" \/>\n<meta property=\"og:title\" content=\"About - Aude Bourgine\" \/>\n<meta property=\"og:description\" content=\"A body of poetic works essentially composed of sculptures in which recycled materials and gleaned organic matter intermingle. Textiles, due to the variety of their materials, textures and shades, have always been the medium of choice for translating the infinite richness of life.\" \/>\n<meta property=\"og:url\" content=\"http:\/\/www.audebourgine.fr\/fr\/about\/\" \/>\n<meta property=\"og:site_name\" content=\"Aude Bourgine\" \/>\n<meta property=\"article:modified_time\" content=\"2026-01-20T05:30:10+00:00\" \/>\n<meta property=\"og:image\" content=\"http:\/\/www.audebourgine.fr\/wp-content\/uploads\/2020\/01\/default-wide.jpg\" \/>\n\t<meta property=\"og:image:width\" content=\"1170\" \/>\n\t<meta property=\"og:image:height\" content=\"500\" \/>\n<meta name=\"twitter:card\" content=\"summary_large_image\" \/>\n<meta name=\"twitter:label1\" content=\"Dur\u00e9e de lecture estim\u00e9e\" \/>\n\t<meta name=\"twitter:data1\" content=\"2 minutes\" \/>\n<script type=\"application\/ld+json\" class=\"yoast-schema-graph\">{\"@context\":\"https:\/\/schema.org\",\"@graph\":[{\"@type\":\"WebSite\",\"@id\":\"https:\/\/www.audebourgine.fr\/#website\",\"url\":\"https:\/\/www.audebourgine.fr\/\",\"name\":\"Aude Bourgine\",\"description\":\"artiste\",\"potentialAction\":[{\"@type\":\"SearchAction\",\"target\":{\"@type\":\"EntryPoint\",\"urlTemplate\":\"https:\/\/www.audebourgine.fr\/?s={search_term_string}\"},\"query-input\":\"required name=search_term_string\"}],\"inLanguage\":\"fr-FR\"},{\"@type\":\"ImageObject\",\"@id\":\"http:\/\/www.audebourgine.fr\/fr\/about\/#primaryimage\",\"inLanguage\":\"fr-FR\",\"url\":\"http:\/\/www.audebourgine.fr\/wp-content\/uploads\/2020\/01\/default-wide.jpg\",\"contentUrl\":\"http:\/\/www.audebourgine.fr\/wp-content\/uploads\/2020\/01\/default-wide.jpg\",\"width\":1170,\"height\":500},{\"@type\":\"WebPage\",\"@id\":\"http:\/\/www.audebourgine.fr\/fr\/about\/#webpage\",\"url\":\"http:\/\/www.audebourgine.fr\/fr\/about\/\",\"name\":\"About - Aude Bourgine\",\"isPartOf\":{\"@id\":\"https:\/\/www.audebourgine.fr\/#website\"},\"primaryImageOfPage\":{\"@id\":\"http:\/\/www.audebourgine.fr\/fr\/about\/#primaryimage\"},\"datePublished\":\"2017-02-13T15:17:05+00:00\",\"dateModified\":\"2026-01-20T05:30:10+00:00\",\"description\":\"A body of poetic works essentially composed of sculptures in which recycled materials and gleaned organic matter intermingle. Textiles, due to the variety of their materials, textures and shades, have always been the medium of choice for translating the infinite richness of life.\",\"breadcrumb\":{\"@id\":\"http:\/\/www.audebourgine.fr\/fr\/about\/#breadcrumb\"},\"inLanguage\":\"fr-FR\",\"potentialAction\":[{\"@type\":\"ReadAction\",\"target\":[\"http:\/\/www.audebourgine.fr\/fr\/about\/\"]}]},{\"@type\":\"BreadcrumbList\",\"@id\":\"http:\/\/www.audebourgine.fr\/fr\/about\/#breadcrumb\",\"itemListElement\":[{\"@type\":\"ListItem\",\"position\":1,\"name\":\"Accueil\",\"item\":\"https:\/\/www.audebourgine.fr\/\"},{\"@type\":\"ListItem\",\"position\":2,\"name\":\"About\"}]}]}<\/script>\n<!-- \/ Yoast SEO plugin. -->","yoast_head_json":{"title":"About - Aude Bourgine","description":"A body of poetic works essentially composed of sculptures in which recycled materials and gleaned organic matter intermingle. Textiles, due to the variety of their materials, textures and shades, have always been the medium of choice for translating the infinite richness of life.","robots":{"index":"index","follow":"follow","max-snippet":"max-snippet:-1","max-image-preview":"max-image-preview:large","max-video-preview":"max-video-preview:-1"},"canonical":"http:\/\/www.audebourgine.fr\/fr\/about\/","og_locale":"fr_FR","og_type":"article","og_title":"About - Aude Bourgine","og_description":"A body of poetic works essentially composed of sculptures in which recycled materials and gleaned organic matter intermingle. Textiles, due to the variety of their materials, textures and shades, have always been the medium of choice for translating the infinite richness of life.","og_url":"http:\/\/www.audebourgine.fr\/fr\/about\/","og_site_name":"Aude Bourgine","article_modified_time":"2026-01-20T05:30:10+00:00","og_image":[{"width":1170,"height":500,"url":"http:\/\/www.audebourgine.fr\/wp-content\/uploads\/2020\/01\/default-wide.jpg","path":"\/home\/clients\/023f1fb8bfe83469575b405091b605d4\/web\/audebourgine\/wp-content\/uploads\/2020\/01\/default-wide.jpg","size":"full","id":980,"alt":"","pixels":585000,"type":"image\/jpeg"}],"twitter_card":"summary_large_image","twitter_misc":{"Dur\u00e9e de lecture estim\u00e9e":"2 minutes"},"schema":{"@context":"https:\/\/schema.org","@graph":[{"@type":"WebSite","@id":"https:\/\/www.audebourgine.fr\/#website","url":"https:\/\/www.audebourgine.fr\/","name":"Aude Bourgine","description":"artiste","potentialAction":[{"@type":"SearchAction","target":{"@type":"EntryPoint","urlTemplate":"https:\/\/www.audebourgine.fr\/?s={search_term_string}"},"query-input":"required name=search_term_string"}],"inLanguage":"fr-FR"},{"@type":"ImageObject","@id":"http:\/\/www.audebourgine.fr\/fr\/about\/#primaryimage","inLanguage":"fr-FR","url":"http:\/\/www.audebourgine.fr\/wp-content\/uploads\/2020\/01\/default-wide.jpg","contentUrl":"http:\/\/www.audebourgine.fr\/wp-content\/uploads\/2020\/01\/default-wide.jpg","width":1170,"height":500},{"@type":"WebPage","@id":"http:\/\/www.audebourgine.fr\/fr\/about\/#webpage","url":"http:\/\/www.audebourgine.fr\/fr\/about\/","name":"About - Aude Bourgine","isPartOf":{"@id":"https:\/\/www.audebourgine.fr\/#website"},"primaryImageOfPage":{"@id":"http:\/\/www.audebourgine.fr\/fr\/about\/#primaryimage"},"datePublished":"2017-02-13T15:17:05+00:00","dateModified":"2026-01-20T05:30:10+00:00","description":"A body of poetic works essentially composed of sculptures in which recycled materials and gleaned organic matter intermingle. Textiles, due to the variety of their materials, textures and shades, have always been the medium of choice for translating the infinite richness of life.","breadcrumb":{"@id":"http:\/\/www.audebourgine.fr\/fr\/about\/#breadcrumb"},"inLanguage":"fr-FR","potentialAction":[{"@type":"ReadAction","target":["http:\/\/www.audebourgine.fr\/fr\/about\/"]}]},{"@type":"BreadcrumbList","@id":"http:\/\/www.audebourgine.fr\/fr\/about\/#breadcrumb","itemListElement":[{"@type":"ListItem","position":1,"name":"Accueil","item":"https:\/\/www.audebourgine.fr\/"},{"@type":"ListItem","position":2,"name":"About"}]}]}},"_links":{"self":[{"href":"http:\/\/www.audebourgine.fr\/fr\/wp-json\/wp\/v2\/pages\/886","targetHints":{"allow":["GET"]}}],"collection":[{"href":"http:\/\/www.audebourgine.fr\/fr\/wp-json\/wp\/v2\/pages"}],"about":[{"href":"http:\/\/www.audebourgine.fr\/fr\/wp-json\/wp\/v2\/types\/page"}],"author":[{"embeddable":true,"href":"http:\/\/www.audebourgine.fr\/fr\/wp-json\/wp\/v2\/users\/1"}],"replies":[{"embeddable":true,"href":"http:\/\/www.audebourgine.fr\/fr\/wp-json\/wp\/v2\/comments?post=886"}],"version-history":[{"count":100,"href":"http:\/\/www.audebourgine.fr\/fr\/wp-json\/wp\/v2\/pages\/886\/revisions"}],"predecessor-version":[{"id":3163,"href":"http:\/\/www.audebourgine.fr\/fr\/wp-json\/wp\/v2\/pages\/886\/revisions\/3163"}],"wp:featuredmedia":[{"embeddable":true,"href":"http:\/\/www.audebourgine.fr\/fr\/wp-json\/wp\/v2\/media\/980"}],"wp:attachment":[{"href":"http:\/\/www.audebourgine.fr\/fr\/wp-json\/wp\/v2\/media?parent=886"}],"curies":[{"name":"wp","href":"https:\/\/api.w.org\/{rel}","templated":true}]}}